{"id":6785,"date":"2025-12-15T23:47:44","date_gmt":"2025-12-16T06:47:44","guid":{"rendered":"https:\/\/freshmarket.com.mx\/?page_id=6785"},"modified":"2025-12-16T17:00:18","modified_gmt":"2025-12-17T00:00:18","slug":"panaderia-y-tortilleria","status":"publish","type":"page","link":"https:\/\/freshmarket.com.mx\/?page_id=6785","title":{"rendered":"Panader\u00eda y Tortiller\u00eda"},"content":{"rendered":"\t\t<div data-elementor-type=\"wp-page\" data-elementor-id=\"6785\" class=\"elementor elementor-6785\" data-elementor-post-type=\"page\">\n\t\t\t\t\t\t<section class=\"elementor-section elementor-top-section elementor-element elementor-element-518fe28e elementor-section-full_width elementor-section-height-default elementor-section-height-default\" data-id=\"518fe28e\" data-element_type=\"section\" data-e-type=\"section\" data-settings=\"{&quot;background_background&quot;:&quot;classic&quot;,&quot;background_motion_fx_motion_fx_scrolling&quot;:&quot;yes&quot;,&quot;background_motion_fx_devices&quot;:[&quot;desktop&quot;,&quot;tablet&quot;,&quot;mobile&quot;]}\">\n\t\t\t\t\t\t<div class=\"elementor-container elementor-column-gap-default\">\n\t\t\t\t\t<div class=\"elementor-column elementor-col-100 elementor-top-column elementor-element elementor-element-7bbc139d\" data-id=\"7bbc139d\" data-element_type=\"column\" data-e-type=\"column\">\n\t\t\t<div class=\"elementor-widget-wrap elementor-element-populated\">\n\t\t\t\t\t\t<section class=\"elementor-section elementor-inner-section elementor-element elementor-element-3d7df79a elementor-section-full_width elementor-section-height-default elementor-section-height-default\" data-id=\"3d7df79a\" data-element_type=\"section\" data-e-type=\"section\">\n\t\t\t\t\t\t<div class=\"elementor-container elementor-column-gap-default\">\n\t\t\t\t\t<div class=\"elementor-column elementor-col-50 elementor-inner-column elementor-element elementor-element-4044e2fd elementor-invisible\" data-id=\"4044e2fd\" data-element_type=\"column\" data-e-type=\"column\" data-settings=\"{&quot;animation&quot;:&quot;slideInLeft&quot;}\">\n\t\t\t<div class=\"elementor-widget-wrap elementor-element-populated\">\n\t\t\t\t\t\t<div class=\"elementor-element elementor-element-307e1d37 elementor-invisible elementor-widget elementor-widget-heading\" data-id=\"307e1d37\" data-element_type=\"widget\" data-e-type=\"widget\" data-settings=\"{&quot;_animation&quot;:&quot;slideInUp&quot;}\" data-widget_type=\"heading.default\">\n\t\t\t\t<div class=\"elementor-widget-container\">\n\t\t\t\t\t<h2 class=\"elementor-heading-title elementor-size-default\">VIVE FRESCO\n<\/h2>\t\t\t\t<\/div>\n\t\t\t\t<\/div>\n\t\t\t\t<div class=\"elementor-element elementor-element-65ba49ca animated-slow elementor-invisible elementor-widget elementor-widget-heading\" data-id=\"65ba49ca\" data-element_type=\"widget\" data-e-type=\"widget\" data-settings=\"{&quot;_animation&quot;:&quot;bounceInUp&quot;}\" data-widget_type=\"heading.default\">\n\t\t\t\t<div class=\"elementor-widget-container\">\n\t\t\t\t\t<h2 class=\"elementor-heading-title elementor-size-default\">Panader\u00eda y Tortiller\u00eda<\/h2>\t\t\t\t<\/div>\n\t\t\t\t<\/div>\n\t\t\t\t<div class=\"elementor-element elementor-element-7ea9b03b elementor-invisible elementor-widget elementor-widget-heading\" data-id=\"7ea9b03b\" data-element_type=\"widget\" data-e-type=\"widget\" data-settings=\"{&quot;_animation&quot;:&quot;slideInUp&quot;}\" data-widget_type=\"heading.default\">\n\t\t\t\t<div class=\"elementor-widget-container\">\n\t\t\t\t\t<h2 class=\"elementor-heading-title elementor-size-default\">Horneamos sabores inigualables.\nCon especial dedicaci\u00f3n, estaremos operando nuestros departamentos de Tortiller\u00eda y Panader\u00eda en donde horneamos con calidad y frescura la historia milenaria mexicana por cuanto al uso y goce del ma\u00edz y la harina. Nuestras tortillas ser\u00e1n el m\u00e1s sabroso complemento para todos los gustos.\n<\/h2>\t\t\t\t<\/div>\n\t\t\t\t<\/div>\n\t\t\t\t\t<\/div>\n\t\t<\/div>\n\t\t\t\t<div class=\"elementor-column elementor-col-50 elementor-inner-column elementor-element elementor-element-1b5144d4\" data-id=\"1b5144d4\" data-element_type=\"column\" data-e-type=\"column\">\n\t\t\t<div class=\"elementor-widget-wrap elementor-element-populated\">\n\t\t\t\t\t\t<div class=\"elementor-element elementor-element-fdd64a animated-slow elementor-invisible elementor-widget elementor-widget-image\" data-id=\"fdd64a\" data-element_type=\"widget\" data-e-type=\"widget\" data-settings=\"{&quot;_animation&quot;:&quot;fadeInUp&quot;}\" data-widget_type=\"image.default\">\n\t\t\t\t<div class=\"elementor-widget-container\">\n\t\t\t\t\t\t\t\t\t\t\t\t\t\t\t<img fetchpriority=\"high\" decoding=\"async\" width=\"750\" height=\"695\" src=\"https:\/\/freshmarket.com.mx\/wp-content\/uploads\/2025\/12\/FRESH-MARKET-LEY-01-FOTO-PANADERIA-Y-TORTILLERIA-202510-1.jpg\" class=\"attachment-full size-full wp-image-6798\" alt=\"\" srcset=\"https:\/\/freshmarket.com.mx\/wp-content\/uploads\/2025\/12\/FRESH-MARKET-LEY-01-FOTO-PANADERIA-Y-TORTILLERIA-202510-1.jpg 750w, https:\/\/freshmarket.com.mx\/wp-content\/uploads\/2025\/12\/FRESH-MARKET-LEY-01-FOTO-PANADERIA-Y-TORTILLERIA-202510-1-300x278.jpg 300w\" sizes=\"(max-width: 750px) 100vw, 750px\" \/>\t\t\t\t\t\t\t\t\t\t\t\t\t\t\t<\/div>\n\t\t\t\t<\/div>\n\t\t\t\t\t<\/div>\n\t\t<\/div>\n\t\t\t\t\t<\/div>\n\t\t<\/section>\n\t\t\t\t<div class=\"elementor-element elementor-element-309a67b3 elementor-widget__width-auto elementor-fixed elementor-widget elementor-widget-image\" data-id=\"309a67b3\" data-element_type=\"widget\" data-e-type=\"widget\" data-settings=\"{&quot;_position&quot;:&quot;fixed&quot;}\" data-widget_type=\"image.default\">\n\t\t\t\t<div class=\"elementor-widget-container\">\n\t\t\t\t\t\t\t\t\t\t\t\t\t\t\t\t<a href=\"https:\/\/api.whatsapp.com\/send\/?phone=5213318635969&#038;text=Hola%2C+me+gustar%C3%ADa+m%C3%A1s+informaci%C3%B3n.&#038;type=phone_number&#038;app_absent=0\" target=\"_blank\">\n\t\t\t\t\t\t\t<img decoding=\"async\" width=\"119\" height=\"144\" src=\"https:\/\/freshmarket.com.mx\/wp-content\/uploads\/2025\/12\/CHAT-1.png\" class=\"elementor-animation-float attachment-full size-full wp-image-6671\" alt=\"\" \/>\t\t\t\t\t\t\t\t<\/a>\n\t\t\t\t\t\t\t\t\t\t\t\t\t\t\t<\/div>\n\t\t\t\t<\/div>\n\t\t\t\t\t<\/div>\n\t\t<\/div>\n\t\t\t\t\t<\/div>\n\t\t<\/section>\n\t\t\t\t<section class=\"elementor-section elementor-top-section elementor-element elementor-element-aead6ce elementor-section-full_width elementor-section-height-default elementor-section-height-default\" data-id=\"aead6ce\" data-element_type=\"section\" data-e-type=\"section\">\n\t\t\t\t\t\t<div class=\"elementor-container elementor-column-gap-default\">\n\t\t\t\t\t<div class=\"elementor-column elementor-col-50 elementor-top-column elementor-element elementor-element-79941d42\" data-id=\"79941d42\" data-element_type=\"column\" data-e-type=\"column\">\n\t\t\t<div class=\"elementor-widget-wrap elementor-element-populated\">\n\t\t\t\t\t\t<div class=\"elementor-element elementor-element-438e65ee elementor-align-left elementor-mobile-align-center elementor-widget elementor-widget-button\" data-id=\"438e65ee\" data-element_type=\"widget\" data-e-type=\"widget\" data-widget_type=\"button.default\">\n\t\t\t\t<div class=\"elementor-widget-container\">\n\t\t\t\t\t\t\t\t\t<div class=\"elementor-button-wrapper\">\n\t\t\t\t\t<a class=\"elementor-button elementor-button-link elementor-size-sm\" href=\"https:\/\/freshmarket.com.mx\/?page_id=6800\">\n\t\t\t\t\t\t<span class=\"elementor-button-content-wrapper\">\n\t\t\t\t\t\t\t\t\t<span class=\"elementor-button-text\">Anterior departamento<\/span>\n\t\t\t\t\t<\/span>\n\t\t\t\t\t<\/a>\n\t\t\t\t<\/div>\n\t\t\t\t\t\t\t\t<\/div>\n\t\t\t\t<\/div>\n\t\t\t\t\t<\/div>\n\t\t<\/div>\n\t\t\t\t<div class=\"elementor-column elementor-col-50 elementor-top-column elementor-element elementor-element-626ef3bc\" data-id=\"626ef3bc\" data-element_type=\"column\" data-e-type=\"column\">\n\t\t\t<div class=\"elementor-widget-wrap elementor-element-populated\">\n\t\t\t\t\t\t<div class=\"elementor-element elementor-element-607bc413 elementor-align-right elementor-mobile-align-center elementor-widget elementor-widget-button\" data-id=\"607bc413\" data-element_type=\"widget\" data-e-type=\"widget\" data-widget_type=\"button.default\">\n\t\t\t\t<div class=\"elementor-widget-container\">\n\t\t\t\t\t\t\t\t\t<div class=\"elementor-button-wrapper\">\n\t\t\t\t\t<a class=\"elementor-button elementor-button-link elementor-size-sm\" href=\"https:\/\/freshmarket.com.mx\/?page_id=6791\">\n\t\t\t\t\t\t<span class=\"elementor-button-content-wrapper\">\n\t\t\t\t\t\t\t\t\t<span class=\"elementor-button-text\">Siguiente departamento<\/span>\n\t\t\t\t\t<\/span>\n\t\t\t\t\t<\/a>\n\t\t\t\t<\/div>\n\t\t\t\t\t\t\t\t<\/div>\n\t\t\t\t<\/div>\n\t\t\t\t\t<\/div>\n\t\t<\/div>\n\t\t\t\t\t<\/div>\n\t\t<\/section>\n\t\t\t\t<\/div>\n\t\t","protected":false},"excerpt":{"rendered":"<p>VIVE FRESCO Panader\u00eda y Tortiller\u00eda Horneamos sabores inigualables. Con especial dedicaci\u00f3n, estaremos operando nuestros departamentos de Tortiller\u00eda y Panader\u00eda en donde horneamos con calidad y frescura la historia milenaria mexicana por cuanto al uso y goce del ma\u00edz y la harina. Nuestras tortillas ser\u00e1n el m\u00e1s sabroso complemento para todos los gustos. Anterior departamento Siguiente [&hellip;]<\/p>\n","protected":false},"author":1,"featured_media":0,"parent":6705,"menu_order":0,"comment_status":"closed","ping_status":"closed","template":"elementor_header_footer","meta":{"footnotes":""},"class_list":["post-6785","page","type-page","status-publish","hentry"],"aioseo_notices":[],"_links":{"self":[{"href":"https:\/\/freshmarket.com.mx\/index.php?rest_route=\/wp\/v2\/pages\/6785","targetHints":{"allow":["GET"]}}],"collection":[{"href":"https:\/\/freshmarket.com.mx\/index.php?rest_route=\/wp\/v2\/pages"}],"about":[{"href":"https:\/\/freshmarket.com.mx\/index.php?rest_route=\/wp\/v2\/types\/page"}],"author":[{"embeddable":true,"href":"https:\/\/freshmarket.com.mx\/index.php?rest_route=\/wp\/v2\/users\/1"}],"replies":[{"embeddable":true,"href":"https:\/\/freshmarket.com.mx\/index.php?rest_route=%2Fwp%2Fv2%2Fcomments&post=6785"}],"version-history":[{"count":7,"href":"https:\/\/freshmarket.com.mx\/index.php?rest_route=\/wp\/v2\/pages\/6785\/revisions"}],"predecessor-version":[{"id":6956,"href":"https:\/\/freshmarket.com.mx\/index.php?rest_route=\/wp\/v2\/pages\/6785\/revisions\/6956"}],"up":[{"embeddable":true,"href":"https:\/\/freshmarket.com.mx\/index.php?rest_route=\/wp\/v2\/pages\/6705"}],"wp:attachment":[{"href":"https:\/\/freshmarket.com.mx\/index.php?rest_route=%2Fwp%2Fv2%2Fmedia&parent=6785"}],"curies":[{"name":"wp","href":"https:\/\/api.w.org\/{rel}","templated":true}]}}