{"id":6778,"date":"2025-12-15T23:46:36","date_gmt":"2025-12-16T06:46:36","guid":{"rendered":"https:\/\/freshmarket.com.mx\/?page_id=6778"},"modified":"2025-12-16T16:46:10","modified_gmt":"2025-12-16T23:46:10","slug":"la-vinateria","status":"publish","type":"page","link":"https:\/\/freshmarket.com.mx\/?page_id=6778","title":{"rendered":"La Vinater\u00eda"},"content":{"rendered":"\t\t<div data-elementor-type=\"wp-page\" data-elementor-id=\"6778\" class=\"elementor elementor-6778\" data-elementor-post-type=\"page\">\n\t\t\t\t\t\t<section class=\"elementor-section elementor-top-section elementor-element elementor-element-59db05e6 elementor-section-full_width elementor-section-height-default elementor-section-height-default\" data-id=\"59db05e6\" data-element_type=\"section\" data-e-type=\"section\" data-settings=\"{&quot;background_background&quot;:&quot;classic&quot;,&quot;background_motion_fx_motion_fx_scrolling&quot;:&quot;yes&quot;,&quot;background_motion_fx_devices&quot;:[&quot;desktop&quot;,&quot;tablet&quot;,&quot;mobile&quot;]}\">\n\t\t\t\t\t\t<div class=\"elementor-container elementor-column-gap-default\">\n\t\t\t\t\t<div class=\"elementor-column elementor-col-100 elementor-top-column elementor-element elementor-element-29d2140\" data-id=\"29d2140\" data-element_type=\"column\" data-e-type=\"column\">\n\t\t\t<div class=\"elementor-widget-wrap elementor-element-populated\">\n\t\t\t\t\t\t<section class=\"elementor-section elementor-inner-section elementor-element elementor-element-6014263e elementor-section-full_width elementor-section-height-default elementor-section-height-default\" data-id=\"6014263e\" data-element_type=\"section\" data-e-type=\"section\">\n\t\t\t\t\t\t<div class=\"elementor-container elementor-column-gap-default\">\n\t\t\t\t\t<div class=\"elementor-column elementor-col-50 elementor-inner-column elementor-element elementor-element-2e5f09e8 elementor-invisible\" data-id=\"2e5f09e8\" data-element_type=\"column\" data-e-type=\"column\" data-settings=\"{&quot;animation&quot;:&quot;slideInLeft&quot;}\">\n\t\t\t<div class=\"elementor-widget-wrap elementor-element-populated\">\n\t\t\t\t\t\t<div class=\"elementor-element elementor-element-4d1e8643 elementor-invisible elementor-widget elementor-widget-heading\" data-id=\"4d1e8643\" data-element_type=\"widget\" data-e-type=\"widget\" data-settings=\"{&quot;_animation&quot;:&quot;slideInUp&quot;}\" data-widget_type=\"heading.default\">\n\t\t\t\t<div class=\"elementor-widget-container\">\n\t\t\t\t\t<h2 class=\"elementor-heading-title elementor-size-default\">VIVE FRESCO\n<\/h2>\t\t\t\t<\/div>\n\t\t\t\t<\/div>\n\t\t\t\t<div class=\"elementor-element elementor-element-14f949f5 animated-slow elementor-invisible elementor-widget elementor-widget-heading\" data-id=\"14f949f5\" data-element_type=\"widget\" data-e-type=\"widget\" data-settings=\"{&quot;_animation&quot;:&quot;bounceInUp&quot;}\" data-widget_type=\"heading.default\">\n\t\t\t\t<div class=\"elementor-widget-container\">\n\t\t\t\t\t<h2 class=\"elementor-heading-title elementor-size-default\">La Vinatera\n<\/h2>\t\t\t\t<\/div>\n\t\t\t\t<\/div>\n\t\t\t\t<div class=\"elementor-element elementor-element-6d2a4873 elementor-invisible elementor-widget elementor-widget-heading\" data-id=\"6d2a4873\" data-element_type=\"widget\" data-e-type=\"widget\" data-settings=\"{&quot;_animation&quot;:&quot;slideInUp&quot;}\" data-widget_type=\"heading.default\">\n\t\t\t\t<div class=\"elementor-widget-container\">\n\t\t\t\t\t<h2 class=\"elementor-heading-title elementor-size-default\">En continuo af\u00e1n por siempre estar a la vanguardia en materia de servicio al cliente, buscando brindar un servicio personalizado y de calidad, La Vinatera es un espacio para los amantes del vino, desde el conocedor hasta el cliente principiante que anhela conocer m\u00e1s del buen vino.\n<br><br>\nContamos con un sommelier que ser\u00e1 tu gu\u00eda y asesor brindando variedad, surtido, y productos especializados en estas categor\u00edas Contamos con una amplia gama de Vinos y Etiquetas de todos los rincones del mundo, Francia, M\u00e9xico, USA, Australia, Espa\u00f1a, Etc.\n<\/h2>\t\t\t\t<\/div>\n\t\t\t\t<\/div>\n\t\t\t\t\t<\/div>\n\t\t<\/div>\n\t\t\t\t<div class=\"elementor-column elementor-col-50 elementor-inner-column elementor-element elementor-element-7d253c00\" data-id=\"7d253c00\" data-element_type=\"column\" data-e-type=\"column\">\n\t\t\t<div class=\"elementor-widget-wrap elementor-element-populated\">\n\t\t\t\t\t\t<div class=\"elementor-element elementor-element-5e98d85d animated-slow elementor-invisible elementor-widget elementor-widget-image\" data-id=\"5e98d85d\" data-element_type=\"widget\" data-e-type=\"widget\" data-settings=\"{&quot;_animation&quot;:&quot;fadeInUp&quot;}\" data-widget_type=\"image.default\">\n\t\t\t\t<div class=\"elementor-widget-container\">\n\t\t\t\t\t\t\t\t\t\t\t\t\t\t\t<img fetchpriority=\"high\" decoding=\"async\" width=\"750\" height=\"695\" src=\"https:\/\/freshmarket.com.mx\/wp-content\/uploads\/2025\/12\/FRESH-MARKET-LEY-01-FOTO-VINATERIA-202510-1.jpg\" class=\"attachment-full size-full wp-image-6793\" alt=\"\" srcset=\"https:\/\/freshmarket.com.mx\/wp-content\/uploads\/2025\/12\/FRESH-MARKET-LEY-01-FOTO-VINATERIA-202510-1.jpg 750w, https:\/\/freshmarket.com.mx\/wp-content\/uploads\/2025\/12\/FRESH-MARKET-LEY-01-FOTO-VINATERIA-202510-1-300x278.jpg 300w\" sizes=\"(max-width: 750px) 100vw, 750px\" \/>\t\t\t\t\t\t\t\t\t\t\t\t\t\t\t<\/div>\n\t\t\t\t<\/div>\n\t\t\t\t\t<\/div>\n\t\t<\/div>\n\t\t\t\t\t<\/div>\n\t\t<\/section>\n\t\t\t\t<div class=\"elementor-element elementor-element-3e536bc7 elementor-widget__width-auto elementor-fixed elementor-widget elementor-widget-image\" data-id=\"3e536bc7\" data-element_type=\"widget\" data-e-type=\"widget\" data-settings=\"{&quot;_position&quot;:&quot;fixed&quot;}\" data-widget_type=\"image.default\">\n\t\t\t\t<div class=\"elementor-widget-container\">\n\t\t\t\t\t\t\t\t\t\t\t\t\t\t\t\t<a href=\"https:\/\/api.whatsapp.com\/send\/?phone=5213318635969&#038;text=Hola%2C+me+gustar%C3%ADa+m%C3%A1s+informaci%C3%B3n.&#038;type=phone_number&#038;app_absent=0\" target=\"_blank\">\n\t\t\t\t\t\t\t<img decoding=\"async\" width=\"119\" height=\"144\" src=\"https:\/\/freshmarket.com.mx\/wp-content\/uploads\/2025\/12\/CHAT-1.png\" class=\"elementor-animation-float attachment-full size-full wp-image-6671\" alt=\"\" \/>\t\t\t\t\t\t\t\t<\/a>\n\t\t\t\t\t\t\t\t\t\t\t\t\t\t\t<\/div>\n\t\t\t\t<\/div>\n\t\t\t\t\t<\/div>\n\t\t<\/div>\n\t\t\t\t\t<\/div>\n\t\t<\/section>\n\t\t\t\t<section class=\"elementor-section elementor-top-section elementor-element elementor-element-7823f17a elementor-section-full_width elementor-section-height-default elementor-section-height-default\" data-id=\"7823f17a\" data-element_type=\"section\" data-e-type=\"section\">\n\t\t\t\t\t\t<div class=\"elementor-container elementor-column-gap-default\">\n\t\t\t\t\t<div class=\"elementor-column elementor-col-50 elementor-top-column elementor-element elementor-element-5a167bd7\" data-id=\"5a167bd7\" data-element_type=\"column\" data-e-type=\"column\">\n\t\t\t<div class=\"elementor-widget-wrap elementor-element-populated\">\n\t\t\t\t\t\t<div class=\"elementor-element elementor-element-5f7637ad elementor-align-left elementor-mobile-align-center elementor-widget elementor-widget-button\" data-id=\"5f7637ad\" data-element_type=\"widget\" data-e-type=\"widget\" data-widget_type=\"button.default\">\n\t\t\t\t<div class=\"elementor-widget-container\">\n\t\t\t\t\t\t\t\t\t<div class=\"elementor-button-wrapper\">\n\t\t\t\t\t<a class=\"elementor-button elementor-button-link elementor-size-sm\" href=\"https:\/\/freshmarket.com.mx\/?page_id=6765\">\n\t\t\t\t\t\t<span class=\"elementor-button-content-wrapper\">\n\t\t\t\t\t\t\t\t\t<span class=\"elementor-button-text\">Anterior departamento<\/span>\n\t\t\t\t\t<\/span>\n\t\t\t\t\t<\/a>\n\t\t\t\t<\/div>\n\t\t\t\t\t\t\t\t<\/div>\n\t\t\t\t<\/div>\n\t\t\t\t\t<\/div>\n\t\t<\/div>\n\t\t\t\t<div class=\"elementor-column elementor-col-50 elementor-top-column elementor-element elementor-element-75a18901\" data-id=\"75a18901\" data-element_type=\"column\" data-e-type=\"column\">\n\t\t\t<div class=\"elementor-widget-wrap elementor-element-populated\">\n\t\t\t\t\t\t<div class=\"elementor-element elementor-element-21f49f26 elementor-align-right elementor-mobile-align-center elementor-widget elementor-widget-button\" data-id=\"21f49f26\" data-element_type=\"widget\" data-e-type=\"widget\" data-widget_type=\"button.default\">\n\t\t\t\t<div class=\"elementor-widget-container\">\n\t\t\t\t\t\t\t\t\t<div class=\"elementor-button-wrapper\">\n\t\t\t\t\t<a class=\"elementor-button elementor-button-link elementor-size-sm\" href=\"https:\/\/freshmarket.com.mx\/?page_id=6760\">\n\t\t\t\t\t\t<span class=\"elementor-button-content-wrapper\">\n\t\t\t\t\t\t\t\t\t<span class=\"elementor-button-text\">Siguiente departamento<\/span>\n\t\t\t\t\t<\/span>\n\t\t\t\t\t<\/a>\n\t\t\t\t<\/div>\n\t\t\t\t\t\t\t\t<\/div>\n\t\t\t\t<\/div>\n\t\t\t\t\t<\/div>\n\t\t<\/div>\n\t\t\t\t\t<\/div>\n\t\t<\/section>\n\t\t\t\t<\/div>\n\t\t","protected":false},"excerpt":{"rendered":"<p>VIVE FRESCO La Vinatera En continuo af\u00e1n por siempre estar a la vanguardia en materia de servicio al cliente, buscando brindar un servicio personalizado y de calidad, La Vinatera es un espacio para los amantes del vino, desde el conocedor hasta el cliente principiante que anhela conocer m\u00e1s del buen vino. Contamos con un sommelier [&hellip;]<\/p>\n","protected":false},"author":1,"featured_media":0,"parent":6705,"menu_order":0,"comment_status":"closed","ping_status":"closed","template":"elementor_header_footer","meta":{"footnotes":""},"class_list":["post-6778","page","type-page","status-publish","hentry"],"aioseo_notices":[],"_links":{"self":[{"href":"https:\/\/freshmarket.com.mx\/index.php?rest_route=\/wp\/v2\/pages\/6778","targetHints":{"allow":["GET"]}}],"collection":[{"href":"https:\/\/freshmarket.com.mx\/index.php?rest_route=\/wp\/v2\/pages"}],"about":[{"href":"https:\/\/freshmarket.com.mx\/index.php?rest_route=\/wp\/v2\/types\/page"}],"author":[{"embeddable":true,"href":"https:\/\/freshmarket.com.mx\/index.php?rest_route=\/wp\/v2\/users\/1"}],"replies":[{"embeddable":true,"href":"https:\/\/freshmarket.com.mx\/index.php?rest_route=%2Fwp%2Fv2%2Fcomments&post=6778"}],"version-history":[{"count":7,"href":"https:\/\/freshmarket.com.mx\/index.php?rest_route=\/wp\/v2\/pages\/6778\/revisions"}],"predecessor-version":[{"id":6940,"href":"https:\/\/freshmarket.com.mx\/index.php?rest_route=\/wp\/v2\/pages\/6778\/revisions\/6940"}],"up":[{"embeddable":true,"href":"https:\/\/freshmarket.com.mx\/index.php?rest_route=\/wp\/v2\/pages\/6705"}],"wp:attachment":[{"href":"https:\/\/freshmarket.com.mx\/index.php?rest_route=%2Fwp%2Fv2%2Fmedia&parent=6778"}],"curies":[{"name":"wp","href":"https:\/\/api.w.org\/{rel}","templated":true}]}}