{"id":6762,"date":"2025-12-15T23:43:16","date_gmt":"2025-12-16T06:43:16","guid":{"rendered":"https:\/\/freshmarket.com.mx\/?page_id=6762"},"modified":"2025-12-16T16:52:10","modified_gmt":"2025-12-16T23:52:10","slug":"farmacia","status":"publish","type":"page","link":"https:\/\/freshmarket.com.mx\/?page_id=6762","title":{"rendered":"Farmacia"},"content":{"rendered":"\t\t<div data-elementor-type=\"wp-page\" data-elementor-id=\"6762\" class=\"elementor elementor-6762\" data-elementor-post-type=\"page\">\n\t\t\t\t\t\t<section class=\"elementor-section elementor-top-section elementor-element elementor-element-68d84190 elementor-section-full_width elementor-section-height-default elementor-section-height-default\" data-id=\"68d84190\" data-element_type=\"section\" data-e-type=\"section\" data-settings=\"{&quot;background_background&quot;:&quot;classic&quot;,&quot;background_motion_fx_motion_fx_scrolling&quot;:&quot;yes&quot;,&quot;background_motion_fx_devices&quot;:[&quot;desktop&quot;,&quot;tablet&quot;,&quot;mobile&quot;]}\">\n\t\t\t\t\t\t<div class=\"elementor-container elementor-column-gap-default\">\n\t\t\t\t\t<div class=\"elementor-column elementor-col-100 elementor-top-column elementor-element elementor-element-b857b63\" data-id=\"b857b63\" data-element_type=\"column\" data-e-type=\"column\">\n\t\t\t<div class=\"elementor-widget-wrap elementor-element-populated\">\n\t\t\t\t\t\t<section class=\"elementor-section elementor-inner-section elementor-element elementor-element-24dd78a5 elementor-section-full_width elementor-section-height-default elementor-section-height-default\" data-id=\"24dd78a5\" data-element_type=\"section\" data-e-type=\"section\">\n\t\t\t\t\t\t<div class=\"elementor-container elementor-column-gap-default\">\n\t\t\t\t\t<div class=\"elementor-column elementor-col-50 elementor-inner-column elementor-element elementor-element-59e48489 elementor-invisible\" data-id=\"59e48489\" data-element_type=\"column\" data-e-type=\"column\" data-settings=\"{&quot;animation&quot;:&quot;slideInLeft&quot;}\">\n\t\t\t<div class=\"elementor-widget-wrap elementor-element-populated\">\n\t\t\t\t\t\t<div class=\"elementor-element elementor-element-e037546 elementor-invisible elementor-widget elementor-widget-heading\" data-id=\"e037546\" data-element_type=\"widget\" data-e-type=\"widget\" data-settings=\"{&quot;_animation&quot;:&quot;slideInUp&quot;}\" data-widget_type=\"heading.default\">\n\t\t\t\t<div class=\"elementor-widget-container\">\n\t\t\t\t\t<h2 class=\"elementor-heading-title elementor-size-default\">VIVE FRESCO\n<\/h2>\t\t\t\t<\/div>\n\t\t\t\t<\/div>\n\t\t\t\t<div class=\"elementor-element elementor-element-175d1fe6 animated-slow elementor-invisible elementor-widget elementor-widget-heading\" data-id=\"175d1fe6\" data-element_type=\"widget\" data-e-type=\"widget\" data-settings=\"{&quot;_animation&quot;:&quot;bounceInUp&quot;}\" data-widget_type=\"heading.default\">\n\t\t\t\t<div class=\"elementor-widget-container\">\n\t\t\t\t\t<h2 class=\"elementor-heading-title elementor-size-default\">Farmacia<\/h2>\t\t\t\t<\/div>\n\t\t\t\t<\/div>\n\t\t\t\t<div class=\"elementor-element elementor-element-446d8d82 elementor-invisible elementor-widget elementor-widget-heading\" data-id=\"446d8d82\" data-element_type=\"widget\" data-e-type=\"widget\" data-settings=\"{&quot;_animation&quot;:&quot;slideInUp&quot;}\" data-widget_type=\"heading.default\">\n\t\t\t\t<div class=\"elementor-widget-container\">\n\t\t\t\t\t<h2 class=\"elementor-heading-title elementor-size-default\">Salud Integral, Mente, Cuerpo &amp; Coraz\u00f3n\nPreocupados por la salud del mexicano, mantenemos el concepto de salud y bienestar como prioritario. Contamos con un servicio integral para el mantenimiento de tu salud con los productos de los mejores laboratorios de M\u00e9xico y del mundo as\u00ed como medicinas gen\u00e9ricas intercambiables.\n<\/h2>\t\t\t\t<\/div>\n\t\t\t\t<\/div>\n\t\t\t\t\t<\/div>\n\t\t<\/div>\n\t\t\t\t<div class=\"elementor-column elementor-col-50 elementor-inner-column elementor-element elementor-element-3f9c634c\" data-id=\"3f9c634c\" data-element_type=\"column\" data-e-type=\"column\">\n\t\t\t<div class=\"elementor-widget-wrap elementor-element-populated\">\n\t\t\t\t\t\t<div class=\"elementor-element elementor-element-3e227b45 animated-slow elementor-invisible elementor-widget elementor-widget-image\" data-id=\"3e227b45\" data-element_type=\"widget\" data-e-type=\"widget\" data-settings=\"{&quot;_animation&quot;:&quot;fadeInUp&quot;}\" data-widget_type=\"image.default\">\n\t\t\t\t<div class=\"elementor-widget-container\">\n\t\t\t\t\t\t\t\t\t\t\t\t\t\t\t<img fetchpriority=\"high\" decoding=\"async\" width=\"750\" height=\"695\" src=\"https:\/\/freshmarket.com.mx\/wp-content\/uploads\/2025\/12\/FRESH-MARKET-LEY-01-FOTO-COCINA-202510-1.jpg\" class=\"attachment-full size-full wp-image-6755\" alt=\"\" srcset=\"https:\/\/freshmarket.com.mx\/wp-content\/uploads\/2025\/12\/FRESH-MARKET-LEY-01-FOTO-COCINA-202510-1.jpg 750w, https:\/\/freshmarket.com.mx\/wp-content\/uploads\/2025\/12\/FRESH-MARKET-LEY-01-FOTO-COCINA-202510-1-300x278.jpg 300w\" sizes=\"(max-width: 750px) 100vw, 750px\" \/>\t\t\t\t\t\t\t\t\t\t\t\t\t\t\t<\/div>\n\t\t\t\t<\/div>\n\t\t\t\t\t<\/div>\n\t\t<\/div>\n\t\t\t\t\t<\/div>\n\t\t<\/section>\n\t\t\t\t<div class=\"elementor-element elementor-element-29dcb474 elementor-widget__width-auto elementor-fixed elementor-widget elementor-widget-image\" data-id=\"29dcb474\" data-element_type=\"widget\" data-e-type=\"widget\" data-settings=\"{&quot;_position&quot;:&quot;fixed&quot;}\" data-widget_type=\"image.default\">\n\t\t\t\t<div class=\"elementor-widget-container\">\n\t\t\t\t\t\t\t\t\t\t\t\t\t\t\t\t<a href=\"https:\/\/api.whatsapp.com\/send\/?phone=5213318635969&#038;text=Hola%2C+me+gustar%C3%ADa+m%C3%A1s+informaci%C3%B3n.&#038;type=phone_number&#038;app_absent=0\" target=\"_blank\">\n\t\t\t\t\t\t\t<img decoding=\"async\" width=\"119\" height=\"144\" src=\"https:\/\/freshmarket.com.mx\/wp-content\/uploads\/2025\/12\/CHAT-1.png\" class=\"elementor-animation-float attachment-full size-full wp-image-6671\" alt=\"\" \/>\t\t\t\t\t\t\t\t<\/a>\n\t\t\t\t\t\t\t\t\t\t\t\t\t\t\t<\/div>\n\t\t\t\t<\/div>\n\t\t\t\t\t<\/div>\n\t\t<\/div>\n\t\t\t\t\t<\/div>\n\t\t<\/section>\n\t\t\t\t<section class=\"elementor-section elementor-top-section elementor-element elementor-element-7738c2d6 elementor-section-full_width elementor-section-height-default elementor-section-height-default\" data-id=\"7738c2d6\" data-element_type=\"section\" data-e-type=\"section\">\n\t\t\t\t\t\t<div class=\"elementor-container elementor-column-gap-default\">\n\t\t\t\t\t<div class=\"elementor-column elementor-col-50 elementor-top-column elementor-element elementor-element-6466e67e\" data-id=\"6466e67e\" data-element_type=\"column\" data-e-type=\"column\">\n\t\t\t<div class=\"elementor-widget-wrap elementor-element-populated\">\n\t\t\t\t\t\t<div class=\"elementor-element elementor-element-67e7233d elementor-align-left elementor-mobile-align-center elementor-widget elementor-widget-button\" data-id=\"67e7233d\" data-element_type=\"widget\" data-e-type=\"widget\" data-widget_type=\"button.default\">\n\t\t\t\t<div class=\"elementor-widget-container\">\n\t\t\t\t\t\t\t\t\t<div class=\"elementor-button-wrapper\">\n\t\t\t\t\t<a class=\"elementor-button elementor-button-link elementor-size-sm\" href=\"https:\/\/freshmarket.com.mx\/?page_id=6760\">\n\t\t\t\t\t\t<span class=\"elementor-button-content-wrapper\">\n\t\t\t\t\t\t\t\t\t<span class=\"elementor-button-text\">Anterior departamento<\/span>\n\t\t\t\t\t<\/span>\n\t\t\t\t\t<\/a>\n\t\t\t\t<\/div>\n\t\t\t\t\t\t\t\t<\/div>\n\t\t\t\t<\/div>\n\t\t\t\t\t<\/div>\n\t\t<\/div>\n\t\t\t\t<div class=\"elementor-column elementor-col-50 elementor-top-column elementor-element elementor-element-135554e9\" data-id=\"135554e9\" data-element_type=\"column\" data-e-type=\"column\">\n\t\t\t<div class=\"elementor-widget-wrap elementor-element-populated\">\n\t\t\t\t\t\t<div class=\"elementor-element elementor-element-65542014 elementor-align-right elementor-mobile-align-center elementor-widget elementor-widget-button\" data-id=\"65542014\" data-element_type=\"widget\" data-e-type=\"widget\" data-widget_type=\"button.default\">\n\t\t\t\t<div class=\"elementor-widget-container\">\n\t\t\t\t\t\t\t\t\t<div class=\"elementor-button-wrapper\">\n\t\t\t\t\t<a class=\"elementor-button elementor-button-link elementor-size-sm\" href=\"https:\/\/freshmarket.com.mx\/?page_id=6739\">\n\t\t\t\t\t\t<span class=\"elementor-button-content-wrapper\">\n\t\t\t\t\t\t\t\t\t<span class=\"elementor-button-text\">Siguiente departamento<\/span>\n\t\t\t\t\t<\/span>\n\t\t\t\t\t<\/a>\n\t\t\t\t<\/div>\n\t\t\t\t\t\t\t\t<\/div>\n\t\t\t\t<\/div>\n\t\t\t\t\t<\/div>\n\t\t<\/div>\n\t\t\t\t\t<\/div>\n\t\t<\/section>\n\t\t\t\t<\/div>\n\t\t","protected":false},"excerpt":{"rendered":"<p>VIVE FRESCO Farmacia Salud Integral, Mente, Cuerpo &amp; Coraz\u00f3n Preocupados por la salud del mexicano, mantenemos el concepto de salud y bienestar como prioritario. Contamos con un servicio integral para el mantenimiento de tu salud con los productos de los mejores laboratorios de M\u00e9xico y del mundo as\u00ed como medicinas gen\u00e9ricas intercambiables. Anterior departamento Siguiente [&hellip;]<\/p>\n","protected":false},"author":1,"featured_media":0,"parent":6705,"menu_order":0,"comment_status":"closed","ping_status":"closed","template":"elementor_header_footer","meta":{"footnotes":""},"class_list":["post-6762","page","type-page","status-publish","hentry"],"aioseo_notices":[],"_links":{"self":[{"href":"https:\/\/freshmarket.com.mx\/index.php?rest_route=\/wp\/v2\/pages\/6762","targetHints":{"allow":["GET"]}}],"collection":[{"href":"https:\/\/freshmarket.com.mx\/index.php?rest_route=\/wp\/v2\/pages"}],"about":[{"href":"https:\/\/freshmarket.com.mx\/index.php?rest_route=\/wp\/v2\/types\/page"}],"author":[{"embeddable":true,"href":"https:\/\/freshmarket.com.mx\/index.php?rest_route=\/wp\/v2\/users\/1"}],"replies":[{"embeddable":true,"href":"https:\/\/freshmarket.com.mx\/index.php?rest_route=%2Fwp%2Fv2%2Fcomments&post=6762"}],"version-history":[{"count":7,"href":"https:\/\/freshmarket.com.mx\/index.php?rest_route=\/wp\/v2\/pages\/6762\/revisions"}],"predecessor-version":[{"id":6947,"href":"https:\/\/freshmarket.com.mx\/index.php?rest_route=\/wp\/v2\/pages\/6762\/revisions\/6947"}],"up":[{"embeddable":true,"href":"https:\/\/freshmarket.com.mx\/index.php?rest_route=\/wp\/v2\/pages\/6705"}],"wp:attachment":[{"href":"https:\/\/freshmarket.com.mx\/index.php?rest_route=%2Fwp%2Fv2%2Fmedia&parent=6762"}],"curies":[{"name":"wp","href":"https:\/\/api.w.org\/{rel}","templated":true}]}}