{"id":6760,"date":"2025-12-15T23:42:23","date_gmt":"2025-12-16T06:42:23","guid":{"rendered":"https:\/\/freshmarket.com.mx\/?page_id=6760"},"modified":"2025-12-16T16:48:10","modified_gmt":"2025-12-16T23:48:10","slug":"congelados","status":"publish","type":"page","link":"https:\/\/freshmarket.com.mx\/?page_id=6760","title":{"rendered":"Congelados"},"content":{"rendered":"\t\t<div data-elementor-type=\"wp-page\" data-elementor-id=\"6760\" class=\"elementor elementor-6760\" data-elementor-post-type=\"page\">\n\t\t\t\t\t\t<section class=\"elementor-section elementor-top-section elementor-element elementor-element-4a311c57 elementor-section-full_width elementor-section-height-default elementor-section-height-default\" data-id=\"4a311c57\" data-element_type=\"section\" data-e-type=\"section\" data-settings=\"{&quot;background_background&quot;:&quot;classic&quot;,&quot;background_motion_fx_motion_fx_scrolling&quot;:&quot;yes&quot;,&quot;background_motion_fx_devices&quot;:[&quot;desktop&quot;,&quot;tablet&quot;,&quot;mobile&quot;]}\">\n\t\t\t\t\t\t<div class=\"elementor-container elementor-column-gap-default\">\n\t\t\t\t\t<div class=\"elementor-column elementor-col-100 elementor-top-column elementor-element elementor-element-4494e7da\" data-id=\"4494e7da\" data-element_type=\"column\" data-e-type=\"column\">\n\t\t\t<div class=\"elementor-widget-wrap elementor-element-populated\">\n\t\t\t\t\t\t<section class=\"elementor-section elementor-inner-section elementor-element elementor-element-64aa0475 elementor-section-full_width elementor-section-height-default elementor-section-height-default\" data-id=\"64aa0475\" data-element_type=\"section\" data-e-type=\"section\">\n\t\t\t\t\t\t<div class=\"elementor-container elementor-column-gap-default\">\n\t\t\t\t\t<div class=\"elementor-column elementor-col-50 elementor-inner-column elementor-element elementor-element-13b57777 elementor-invisible\" data-id=\"13b57777\" data-element_type=\"column\" data-e-type=\"column\" data-settings=\"{&quot;animation&quot;:&quot;slideInLeft&quot;}\">\n\t\t\t<div class=\"elementor-widget-wrap elementor-element-populated\">\n\t\t\t\t\t\t<div class=\"elementor-element elementor-element-6fa6e902 elementor-invisible elementor-widget elementor-widget-heading\" data-id=\"6fa6e902\" data-element_type=\"widget\" data-e-type=\"widget\" data-settings=\"{&quot;_animation&quot;:&quot;slideInUp&quot;}\" data-widget_type=\"heading.default\">\n\t\t\t\t<div class=\"elementor-widget-container\">\n\t\t\t\t\t<h2 class=\"elementor-heading-title elementor-size-default\">VIVE FRESCO\n<\/h2>\t\t\t\t<\/div>\n\t\t\t\t<\/div>\n\t\t\t\t<div class=\"elementor-element elementor-element-5bbe91b1 animated-slow elementor-invisible elementor-widget elementor-widget-heading\" data-id=\"5bbe91b1\" data-element_type=\"widget\" data-e-type=\"widget\" data-settings=\"{&quot;_animation&quot;:&quot;bounceInUp&quot;}\" data-widget_type=\"heading.default\">\n\t\t\t\t<div class=\"elementor-widget-container\">\n\t\t\t\t\t<h2 class=\"elementor-heading-title elementor-size-default\">Congelados<\/h2>\t\t\t\t<\/div>\n\t\t\t\t<\/div>\n\t\t\t\t<div class=\"elementor-element elementor-element-3eed32f0 elementor-invisible elementor-widget elementor-widget-heading\" data-id=\"3eed32f0\" data-element_type=\"widget\" data-e-type=\"widget\" data-settings=\"{&quot;_animation&quot;:&quot;slideInUp&quot;}\" data-widget_type=\"heading.default\">\n\t\t\t\t<div class=\"elementor-widget-container\">\n\t\t\t\t\t<h2 class=\"elementor-heading-title elementor-size-default\">Atendiendo los requerimientos de la vida moderna, din\u00e1mica y cambiante, contamos con una amplia secci\u00f3n de Alimentos Congelado: Frutas, Verduras, Pescados, Carne, Mariscos, Postres, nieves y helados, Sustitutos de Leche, Untables y Salsas, Waffles y Hot Cakes, Yogurt l\u00edquido y Alimento fermentado, Yogurt s\u00f3lido, todo esto y m\u00e1s.\n<\/h2>\t\t\t\t<\/div>\n\t\t\t\t<\/div>\n\t\t\t\t\t<\/div>\n\t\t<\/div>\n\t\t\t\t<div class=\"elementor-column elementor-col-50 elementor-inner-column elementor-element elementor-element-656f29f0\" data-id=\"656f29f0\" data-element_type=\"column\" data-e-type=\"column\">\n\t\t\t<div class=\"elementor-widget-wrap elementor-element-populated\">\n\t\t\t\t\t\t<div class=\"elementor-element elementor-element-1b3eb1b2 animated-slow elementor-invisible elementor-widget elementor-widget-image\" data-id=\"1b3eb1b2\" data-element_type=\"widget\" data-e-type=\"widget\" data-settings=\"{&quot;_animation&quot;:&quot;fadeInUp&quot;}\" data-widget_type=\"image.default\">\n\t\t\t\t<div class=\"elementor-widget-container\">\n\t\t\t\t\t\t\t\t\t\t\t\t\t\t\t<img fetchpriority=\"high\" decoding=\"async\" width=\"751\" height=\"696\" src=\"https:\/\/freshmarket.com.mx\/wp-content\/uploads\/2025\/12\/FRESH-MARKET-LEY-01-FOTO-ABARROTES-202510-3.jpg\" class=\"attachment-full size-full wp-image-6764\" alt=\"\" srcset=\"https:\/\/freshmarket.com.mx\/wp-content\/uploads\/2025\/12\/FRESH-MARKET-LEY-01-FOTO-ABARROTES-202510-3.jpg 751w, https:\/\/freshmarket.com.mx\/wp-content\/uploads\/2025\/12\/FRESH-MARKET-LEY-01-FOTO-ABARROTES-202510-3-300x278.jpg 300w\" sizes=\"(max-width: 751px) 100vw, 751px\" \/>\t\t\t\t\t\t\t\t\t\t\t\t\t\t\t<\/div>\n\t\t\t\t<\/div>\n\t\t\t\t\t<\/div>\n\t\t<\/div>\n\t\t\t\t\t<\/div>\n\t\t<\/section>\n\t\t\t\t<div class=\"elementor-element elementor-element-44c9b593 elementor-widget__width-auto elementor-fixed elementor-widget elementor-widget-image\" data-id=\"44c9b593\" data-element_type=\"widget\" data-e-type=\"widget\" data-settings=\"{&quot;_position&quot;:&quot;fixed&quot;}\" data-widget_type=\"image.default\">\n\t\t\t\t<div class=\"elementor-widget-container\">\n\t\t\t\t\t\t\t\t\t\t\t\t\t\t\t\t<a href=\"https:\/\/api.whatsapp.com\/send\/?phone=5213318635969&#038;text=Hola%2C+me+gustar%C3%ADa+m%C3%A1s+informaci%C3%B3n.&#038;type=phone_number&#038;app_absent=0\" target=\"_blank\">\n\t\t\t\t\t\t\t<img decoding=\"async\" width=\"119\" height=\"144\" src=\"https:\/\/freshmarket.com.mx\/wp-content\/uploads\/2025\/12\/CHAT-1.png\" class=\"elementor-animation-float attachment-full size-full wp-image-6671\" alt=\"\" \/>\t\t\t\t\t\t\t\t<\/a>\n\t\t\t\t\t\t\t\t\t\t\t\t\t\t\t<\/div>\n\t\t\t\t<\/div>\n\t\t\t\t\t<\/div>\n\t\t<\/div>\n\t\t\t\t\t<\/div>\n\t\t<\/section>\n\t\t\t\t<section class=\"elementor-section elementor-top-section elementor-element elementor-element-637c282c elementor-section-full_width elementor-section-height-default elementor-section-height-default\" data-id=\"637c282c\" data-element_type=\"section\" data-e-type=\"section\">\n\t\t\t\t\t\t<div class=\"elementor-container elementor-column-gap-default\">\n\t\t\t\t\t<div class=\"elementor-column elementor-col-50 elementor-top-column elementor-element elementor-element-3fa14826\" data-id=\"3fa14826\" data-element_type=\"column\" data-e-type=\"column\">\n\t\t\t<div class=\"elementor-widget-wrap elementor-element-populated\">\n\t\t\t\t\t\t<div class=\"elementor-element elementor-element-27bbacfb elementor-align-left elementor-mobile-align-center elementor-widget elementor-widget-button\" data-id=\"27bbacfb\" data-element_type=\"widget\" data-e-type=\"widget\" data-widget_type=\"button.default\">\n\t\t\t\t<div class=\"elementor-widget-container\">\n\t\t\t\t\t\t\t\t\t<div class=\"elementor-button-wrapper\">\n\t\t\t\t\t<a class=\"elementor-button elementor-button-link elementor-size-sm\" href=\"https:\/\/freshmarket.com.mx\/?page_id=6778\">\n\t\t\t\t\t\t<span class=\"elementor-button-content-wrapper\">\n\t\t\t\t\t\t\t\t\t<span class=\"elementor-button-text\">Anterior departamento<\/span>\n\t\t\t\t\t<\/span>\n\t\t\t\t\t<\/a>\n\t\t\t\t<\/div>\n\t\t\t\t\t\t\t\t<\/div>\n\t\t\t\t<\/div>\n\t\t\t\t\t<\/div>\n\t\t<\/div>\n\t\t\t\t<div class=\"elementor-column elementor-col-50 elementor-top-column elementor-element elementor-element-317bae47\" data-id=\"317bae47\" data-element_type=\"column\" data-e-type=\"column\">\n\t\t\t<div class=\"elementor-widget-wrap elementor-element-populated\">\n\t\t\t\t\t\t<div class=\"elementor-element elementor-element-45dd8dfd elementor-align-right elementor-mobile-align-center elementor-widget elementor-widget-button\" data-id=\"45dd8dfd\" data-element_type=\"widget\" data-e-type=\"widget\" data-widget_type=\"button.default\">\n\t\t\t\t<div class=\"elementor-widget-container\">\n\t\t\t\t\t\t\t\t\t<div class=\"elementor-button-wrapper\">\n\t\t\t\t\t<a class=\"elementor-button elementor-button-link elementor-size-sm\" href=\"https:\/\/freshmarket.com.mx\/?page_id=6762\">\n\t\t\t\t\t\t<span class=\"elementor-button-content-wrapper\">\n\t\t\t\t\t\t\t\t\t<span class=\"elementor-button-text\">Siguiente departamento<\/span>\n\t\t\t\t\t<\/span>\n\t\t\t\t\t<\/a>\n\t\t\t\t<\/div>\n\t\t\t\t\t\t\t\t<\/div>\n\t\t\t\t<\/div>\n\t\t\t\t\t<\/div>\n\t\t<\/div>\n\t\t\t\t\t<\/div>\n\t\t<\/section>\n\t\t\t\t<\/div>\n\t\t","protected":false},"excerpt":{"rendered":"<p>VIVE FRESCO Congelados Atendiendo los requerimientos de la vida moderna, din\u00e1mica y cambiante, contamos con una amplia secci\u00f3n de Alimentos Congelado: Frutas, Verduras, Pescados, Carne, Mariscos, Postres, nieves y helados, Sustitutos de Leche, Untables y Salsas, Waffles y Hot Cakes, Yogurt l\u00edquido y Alimento fermentado, Yogurt s\u00f3lido, todo esto y m\u00e1s. Anterior departamento Siguiente departamento<\/p>\n","protected":false},"author":1,"featured_media":0,"parent":6705,"menu_order":0,"comment_status":"closed","ping_status":"closed","template":"elementor_header_footer","meta":{"footnotes":""},"class_list":["post-6760","page","type-page","status-publish","hentry"],"aioseo_notices":[],"_links":{"self":[{"href":"https:\/\/freshmarket.com.mx\/index.php?rest_route=\/wp\/v2\/pages\/6760","targetHints":{"allow":["GET"]}}],"collection":[{"href":"https:\/\/freshmarket.com.mx\/index.php?rest_route=\/wp\/v2\/pages"}],"about":[{"href":"https:\/\/freshmarket.com.mx\/index.php?rest_route=\/wp\/v2\/types\/page"}],"author":[{"embeddable":true,"href":"https:\/\/freshmarket.com.mx\/index.php?rest_route=\/wp\/v2\/users\/1"}],"replies":[{"embeddable":true,"href":"https:\/\/freshmarket.com.mx\/index.php?rest_route=%2Fwp%2Fv2%2Fcomments&post=6760"}],"version-history":[{"count":7,"href":"https:\/\/freshmarket.com.mx\/index.php?rest_route=\/wp\/v2\/pages\/6760\/revisions"}],"predecessor-version":[{"id":6943,"href":"https:\/\/freshmarket.com.mx\/index.php?rest_route=\/wp\/v2\/pages\/6760\/revisions\/6943"}],"up":[{"embeddable":true,"href":"https:\/\/freshmarket.com.mx\/index.php?rest_route=\/wp\/v2\/pages\/6705"}],"wp:attachment":[{"href":"https:\/\/freshmarket.com.mx\/index.php?rest_route=%2Fwp%2Fv2%2Fmedia&parent=6760"}],"curies":[{"name":"wp","href":"https:\/\/api.w.org\/{rel}","templated":true}]}}