{"id":6753,"date":"2025-12-15T23:40:37","date_gmt":"2025-12-16T06:40:37","guid":{"rendered":"https:\/\/freshmarket.com.mx\/?page_id=6753"},"modified":"2025-12-16T16:39:46","modified_gmt":"2025-12-16T23:39:46","slug":"cocina","status":"publish","type":"page","link":"https:\/\/freshmarket.com.mx\/?page_id=6753","title":{"rendered":"Cocina"},"content":{"rendered":"\t\t<div data-elementor-type=\"wp-page\" data-elementor-id=\"6753\" class=\"elementor elementor-6753\" data-elementor-post-type=\"page\">\n\t\t\t\t\t\t<section class=\"elementor-section elementor-top-section elementor-element elementor-element-bd02537 elementor-section-full_width elementor-section-height-default elementor-section-height-default\" data-id=\"bd02537\" data-element_type=\"section\" data-e-type=\"section\" data-settings=\"{&quot;background_background&quot;:&quot;classic&quot;,&quot;background_motion_fx_motion_fx_scrolling&quot;:&quot;yes&quot;,&quot;background_motion_fx_devices&quot;:[&quot;desktop&quot;,&quot;tablet&quot;,&quot;mobile&quot;]}\">\n\t\t\t\t\t\t<div class=\"elementor-container elementor-column-gap-default\">\n\t\t\t\t\t<div class=\"elementor-column elementor-col-100 elementor-top-column elementor-element elementor-element-5ee770e7\" data-id=\"5ee770e7\" data-element_type=\"column\" data-e-type=\"column\">\n\t\t\t<div class=\"elementor-widget-wrap elementor-element-populated\">\n\t\t\t\t\t\t<section class=\"elementor-section elementor-inner-section elementor-element elementor-element-785dcf3b elementor-section-full_width elementor-section-height-default elementor-section-height-default\" data-id=\"785dcf3b\" data-element_type=\"section\" data-e-type=\"section\">\n\t\t\t\t\t\t<div class=\"elementor-container elementor-column-gap-default\">\n\t\t\t\t\t<div class=\"elementor-column elementor-col-50 elementor-inner-column elementor-element elementor-element-24a867c0 elementor-invisible\" data-id=\"24a867c0\" data-element_type=\"column\" data-e-type=\"column\" data-settings=\"{&quot;animation&quot;:&quot;slideInLeft&quot;}\">\n\t\t\t<div class=\"elementor-widget-wrap elementor-element-populated\">\n\t\t\t\t\t\t<div class=\"elementor-element elementor-element-7c1e770f elementor-invisible elementor-widget elementor-widget-heading\" data-id=\"7c1e770f\" data-element_type=\"widget\" data-e-type=\"widget\" data-settings=\"{&quot;_animation&quot;:&quot;slideInUp&quot;}\" data-widget_type=\"heading.default\">\n\t\t\t\t<div class=\"elementor-widget-container\">\n\t\t\t\t\t<h2 class=\"elementor-heading-title elementor-size-default\">VIVE FRESCO\n<\/h2>\t\t\t\t<\/div>\n\t\t\t\t<\/div>\n\t\t\t\t<div class=\"elementor-element elementor-element-37e30f7f animated-slow elementor-invisible elementor-widget elementor-widget-heading\" data-id=\"37e30f7f\" data-element_type=\"widget\" data-e-type=\"widget\" data-settings=\"{&quot;_animation&quot;:&quot;bounceInUp&quot;}\" data-widget_type=\"heading.default\">\n\t\t\t\t<div class=\"elementor-widget-container\">\n\t\t\t\t\t<h2 class=\"elementor-heading-title elementor-size-default\">Cocina<\/h2>\t\t\t\t<\/div>\n\t\t\t\t<\/div>\n\t\t\t\t<div class=\"elementor-element elementor-element-5d15a4d8 elementor-invisible elementor-widget elementor-widget-heading\" data-id=\"5d15a4d8\" data-element_type=\"widget\" data-e-type=\"widget\" data-settings=\"{&quot;_animation&quot;:&quot;slideInUp&quot;}\" data-widget_type=\"heading.default\">\n\t\t\t\t<div class=\"elementor-widget-container\">\n\t\t\t\t\t<h2 class=\"elementor-heading-title elementor-size-default\">Gran saz\u00f3n para alegrar t\u00fa coraz\u00f3n.\nLa comida es el eje central de la cultura en M\u00e9xico y sabemos que es importante para ti y tu familia. Es por ello que te invitamos a probar nuestros platillos con el \u201cSaz\u00f3n para t\u00fa Coraz\u00f3n\u201d, como si estuvieras en casa. Queremos sorprenderte.\n<\/h2>\t\t\t\t<\/div>\n\t\t\t\t<\/div>\n\t\t\t\t\t<\/div>\n\t\t<\/div>\n\t\t\t\t<div class=\"elementor-column elementor-col-50 elementor-inner-column elementor-element elementor-element-270f86dd\" data-id=\"270f86dd\" data-element_type=\"column\" data-e-type=\"column\">\n\t\t\t<div class=\"elementor-widget-wrap elementor-element-populated\">\n\t\t\t\t\t\t<div class=\"elementor-element elementor-element-40da3371 animated-slow elementor-invisible elementor-widget elementor-widget-image\" data-id=\"40da3371\" data-element_type=\"widget\" data-e-type=\"widget\" data-settings=\"{&quot;_animation&quot;:&quot;fadeInUp&quot;}\" data-widget_type=\"image.default\">\n\t\t\t\t<div class=\"elementor-widget-container\">\n\t\t\t\t\t\t\t\t\t\t\t\t\t\t\t<img fetchpriority=\"high\" decoding=\"async\" width=\"750\" height=\"695\" src=\"https:\/\/freshmarket.com.mx\/wp-content\/uploads\/2025\/12\/FRESH-MARKET-LEY-01-FOTO-COCINA-202510-1.jpg\" class=\"attachment-full size-full wp-image-6755\" alt=\"\" srcset=\"https:\/\/freshmarket.com.mx\/wp-content\/uploads\/2025\/12\/FRESH-MARKET-LEY-01-FOTO-COCINA-202510-1.jpg 750w, https:\/\/freshmarket.com.mx\/wp-content\/uploads\/2025\/12\/FRESH-MARKET-LEY-01-FOTO-COCINA-202510-1-300x278.jpg 300w\" sizes=\"(max-width: 750px) 100vw, 750px\" \/>\t\t\t\t\t\t\t\t\t\t\t\t\t\t\t<\/div>\n\t\t\t\t<\/div>\n\t\t\t\t\t<\/div>\n\t\t<\/div>\n\t\t\t\t\t<\/div>\n\t\t<\/section>\n\t\t\t\t<div class=\"elementor-element elementor-element-1d7ab2b5 elementor-widget__width-auto elementor-fixed elementor-widget elementor-widget-image\" data-id=\"1d7ab2b5\" data-element_type=\"widget\" data-e-type=\"widget\" data-settings=\"{&quot;_position&quot;:&quot;fixed&quot;}\" data-widget_type=\"image.default\">\n\t\t\t\t<div class=\"elementor-widget-container\">\n\t\t\t\t\t\t\t\t\t\t\t\t\t\t\t\t<a href=\"https:\/\/api.whatsapp.com\/send\/?phone=5213318635969&#038;text=Hola%2C+me+gustar%C3%ADa+m%C3%A1s+informaci%C3%B3n.&#038;type=phone_number&#038;app_absent=0\" target=\"_blank\">\n\t\t\t\t\t\t\t<img decoding=\"async\" width=\"119\" height=\"144\" src=\"https:\/\/freshmarket.com.mx\/wp-content\/uploads\/2025\/12\/CHAT-1.png\" class=\"elementor-animation-float attachment-full size-full wp-image-6671\" alt=\"\" \/>\t\t\t\t\t\t\t\t<\/a>\n\t\t\t\t\t\t\t\t\t\t\t\t\t\t\t<\/div>\n\t\t\t\t<\/div>\n\t\t\t\t\t<\/div>\n\t\t<\/div>\n\t\t\t\t\t<\/div>\n\t\t<\/section>\n\t\t\t\t<section class=\"elementor-section elementor-top-section elementor-element elementor-element-5ab8cad6 elementor-section-full_width elementor-section-height-default elementor-section-height-default\" data-id=\"5ab8cad6\" data-element_type=\"section\" data-e-type=\"section\">\n\t\t\t\t\t\t<div class=\"elementor-container elementor-column-gap-default\">\n\t\t\t\t\t<div class=\"elementor-column elementor-col-50 elementor-top-column elementor-element elementor-element-517fc787\" data-id=\"517fc787\" data-element_type=\"column\" data-e-type=\"column\">\n\t\t\t<div class=\"elementor-widget-wrap elementor-element-populated\">\n\t\t\t\t\t\t<div class=\"elementor-element elementor-element-673c10f3 elementor-align-left elementor-mobile-align-center elementor-widget elementor-widget-button\" data-id=\"673c10f3\" data-element_type=\"widget\" data-e-type=\"widget\" data-widget_type=\"button.default\">\n\t\t\t\t<div class=\"elementor-widget-container\">\n\t\t\t\t\t\t\t\t\t<div class=\"elementor-button-wrapper\">\n\t\t\t\t\t<a class=\"elementor-button elementor-button-link elementor-size-sm\" href=\"https:\/\/freshmarket.com.mx\/?page_id=6775\">\n\t\t\t\t\t\t<span class=\"elementor-button-content-wrapper\">\n\t\t\t\t\t\t\t\t\t<span class=\"elementor-button-text\">Anterior departamento<\/span>\n\t\t\t\t\t<\/span>\n\t\t\t\t\t<\/a>\n\t\t\t\t<\/div>\n\t\t\t\t\t\t\t\t<\/div>\n\t\t\t\t<\/div>\n\t\t\t\t\t<\/div>\n\t\t<\/div>\n\t\t\t\t<div class=\"elementor-column elementor-col-50 elementor-top-column elementor-element elementor-element-2d58bffb\" data-id=\"2d58bffb\" data-element_type=\"column\" data-e-type=\"column\">\n\t\t\t<div class=\"elementor-widget-wrap elementor-element-populated\">\n\t\t\t\t\t\t<div class=\"elementor-element elementor-element-22188525 elementor-align-right elementor-mobile-align-center elementor-widget elementor-widget-button\" data-id=\"22188525\" data-element_type=\"widget\" data-e-type=\"widget\" data-widget_type=\"button.default\">\n\t\t\t\t<div class=\"elementor-widget-container\">\n\t\t\t\t\t\t\t\t\t<div class=\"elementor-button-wrapper\">\n\t\t\t\t\t<a class=\"elementor-button elementor-button-link elementor-size-sm\" href=\"https:\/\/freshmarket.com.mx\/?page_id=6765\">\n\t\t\t\t\t\t<span class=\"elementor-button-content-wrapper\">\n\t\t\t\t\t\t\t\t\t<span class=\"elementor-button-text\">Siguiente departamento<\/span>\n\t\t\t\t\t<\/span>\n\t\t\t\t\t<\/a>\n\t\t\t\t<\/div>\n\t\t\t\t\t\t\t\t<\/div>\n\t\t\t\t<\/div>\n\t\t\t\t\t<\/div>\n\t\t<\/div>\n\t\t\t\t\t<\/div>\n\t\t<\/section>\n\t\t\t\t<\/div>\n\t\t","protected":false},"excerpt":{"rendered":"<p>VIVE FRESCO Cocina Gran saz\u00f3n para alegrar t\u00fa coraz\u00f3n. La comida es el eje central de la cultura en M\u00e9xico y sabemos que es importante para ti y tu familia. Es por ello que te invitamos a probar nuestros platillos con el \u201cSaz\u00f3n para t\u00fa Coraz\u00f3n\u201d, como si estuvieras en casa. Queremos sorprenderte. Anterior departamento [&hellip;]<\/p>\n","protected":false},"author":1,"featured_media":0,"parent":6705,"menu_order":0,"comment_status":"closed","ping_status":"closed","template":"elementor_header_footer","meta":{"footnotes":""},"class_list":["post-6753","page","type-page","status-publish","hentry"],"aioseo_notices":[],"_links":{"self":[{"href":"https:\/\/freshmarket.com.mx\/index.php?rest_route=\/wp\/v2\/pages\/6753","targetHints":{"allow":["GET"]}}],"collection":[{"href":"https:\/\/freshmarket.com.mx\/index.php?rest_route=\/wp\/v2\/pages"}],"about":[{"href":"https:\/\/freshmarket.com.mx\/index.php?rest_route=\/wp\/v2\/types\/page"}],"author":[{"embeddable":true,"href":"https:\/\/freshmarket.com.mx\/index.php?rest_route=\/wp\/v2\/users\/1"}],"replies":[{"embeddable":true,"href":"https:\/\/freshmarket.com.mx\/index.php?rest_route=%2Fwp%2Fv2%2Fcomments&post=6753"}],"version-history":[{"count":7,"href":"https:\/\/freshmarket.com.mx\/index.php?rest_route=\/wp\/v2\/pages\/6753\/revisions"}],"predecessor-version":[{"id":6934,"href":"https:\/\/freshmarket.com.mx\/index.php?rest_route=\/wp\/v2\/pages\/6753\/revisions\/6934"}],"up":[{"embeddable":true,"href":"https:\/\/freshmarket.com.mx\/index.php?rest_route=\/wp\/v2\/pages\/6705"}],"wp:attachment":[{"href":"https:\/\/freshmarket.com.mx\/index.php?rest_route=%2Fwp%2Fv2%2Fmedia&parent=6753"}],"curies":[{"name":"wp","href":"https:\/\/api.w.org\/{rel}","templated":true}]}}